{"id":205,"date":"2024-05-01T06:14:39","date_gmt":"2024-05-01T06:14:39","guid":{"rendered":"https:\/\/stascensores.com\/?page_id=205"},"modified":"2024-05-01T07:11:41","modified_gmt":"2024-05-01T07:11:41","slug":"politica-de-privacidad","status":"publish","type":"page","link":"https:\/\/stascensores.com\/index.php\/politica-de-privacidad\/","title":{"rendered":"Pol\u00edtica de Privacidad"},"content":{"rendered":"<p>[vc_row][vc_column][vc_column_text]<\/p>\n<h3>Pol\u00edtica de Privacidad<\/h3>\n<h4>1. Introducci\u00f3n<\/h4>\n<p>En ST Ascensores, la privacidad de nuestros visitantes es de extrema importancia para nosotros. Esta pol\u00edtica de privacidad describe los tipos de informaci\u00f3n personal que recibimos y recopilamos cuando visita nuestro sitio web, as\u00ed como c\u00f3mo utilizamos esa informaci\u00f3n.<\/p>\n<h4>2. Recopilaci\u00f3n y uso de la informaci\u00f3n<\/h4>\n<p>ST Ascensores recopila informaci\u00f3n personal de los usuarios del sitio web solo cuando la proporcionan voluntariamente, por ejemplo, cuando completan un formulario de contacto o solicitan informaci\u00f3n a trav\u00e9s de nuestro sitio web. La informaci\u00f3n recopilada puede incluir nombre, direcci\u00f3n de correo electr\u00f3nico y n\u00famero de tel\u00e9fono.<\/p>\n<h4>3. Uso de la informaci\u00f3n<\/h4>\n<p>La informaci\u00f3n recopilada se utiliza para responder a consultas, procesar pedidos y proporcionar informaci\u00f3n sobre nuestros productos y servicios. En ning\u00fan caso, ST Ascensores compartir\u00e1, vender\u00e1 o arrendar\u00e1 su informaci\u00f3n personal a terceros sin su consentimiento, a menos que estemos obligados por ley a hacerlo.<\/p>\n<h4>4. Cookies<\/h4>\n<p>Nuestro sitio web utiliza cookies para mejorar la experiencia del usuario. Al utilizar nuestro sitio web, usted acepta el uso de cookies de acuerdo con nuestra pol\u00edtica de privacidad.<\/p>\n<h4>5. Cambios en la pol\u00edtica de privacidad<\/h4>\n<p>ST Ascensores se reserva el derecho de actualizar esta pol\u00edtica de privacidad en cualquier momento. Se alienta a los usuarios a verificar esta p\u00e1gina peri\u00f3dicamente para estar informados sobre c\u00f3mo estamos protegiendo la informaci\u00f3n personal que recopilamos.<\/p>\n<h4>6. Contacto<\/h4>\n<p>Si tiene alguna pregunta sobre nuestra pol\u00edtica de privacidad, no dude en ponerse en contacto con nosotros a trav\u00e9s de nuestro sitio web o enviando un correo electr\u00f3nico a consultas@stascensores.com[\/vc_column_text][\/vc_column][\/vc_row]<\/p>\n","protected":false},"excerpt":{"rendered":"<p>[vc_row][vc_column][vc_column_text]<\/p>\n<p>Pol\u00edtica de Privacidad<br \/>\n1. Introducci\u00f3n<\/p>\n<p>En ST Ascensores, la privacidad de nuestros visitantes es de extrema importancia para nosotros. Esta pol\u00edtica de privacidad describe los tipos de informaci\u00f3n personal que recibimos y recopilamos cuando visita nuestro sitio web, as\u00ed como c\u00f3mo utilizamos esa informaci\u00f3n.<\/p>\n<p>2. Recopilaci\u00f3n y uso de la informaci\u00f3n<\/p>\n<p>ST Ascensores recopila informaci\u00f3n personal de los usuarios del sitio web solo cuando la proporcionan voluntariamente, por ejemplo, cuando completan un formulario de contacto o solicitan informaci\u00f3n a trav\u00e9s de nuestro sitio web. [&#8230;]<\/p>\n","protected":false},"author":1,"featured_media":0,"parent":0,"menu_order":0,"comment_status":"closed","ping_status":"closed","template":"","meta":{"footnotes":""},"class_list":["post-205","page","type-page","status-publish","hentry"],"yoast_head":"<!-- This site is optimized with the Yoast SEO plugin v25.3 - https:\/\/yoast.com\/wordpress\/plugins\/seo\/ -->\n<title>Pol\u00edtica de Privacidad - ST Ascensores<\/title>\n<meta name=\"robots\" content=\"index, follow, max-snippet:-1, max-image-preview:large, max-video-preview:-1\" \/>\n<link rel=\"canonical\" href=\"https:\/\/stascensores.com\/index.php\/politica-de-privacidad\/\" \/>\n<meta property=\"og:locale\" content=\"es_ES\" \/>\n<meta property=\"og:type\" content=\"article\" \/>\n<meta property=\"og:title\" content=\"Pol\u00edtica de Privacidad - ST Ascensores\" \/>\n<meta property=\"og:description\" content=\"[vc_row][vc_column][vc_column_text] Pol\u00edtica de Privacidad 1. Introducci\u00f3n En ST Ascensores, la privacidad de nuestros visitantes es de extrema importancia para nosotros. Esta pol\u00edtica de privacidad describe los tipos de informaci\u00f3n personal que recibimos y recopilamos cuando visita nuestro sitio web, as\u00ed como c\u00f3mo utilizamos esa informaci\u00f3n. 2. Recopilaci\u00f3n y uso de la informaci\u00f3n ST Ascensores recopila informaci\u00f3n personal de los usuarios del sitio web solo cuando la proporcionan voluntariamente, por ejemplo, cuando completan un formulario de contacto o solicitan informaci\u00f3n a trav\u00e9s de nuestro sitio web. [...]\" \/>\n<meta property=\"og:url\" content=\"https:\/\/stascensores.com\/index.php\/politica-de-privacidad\/\" \/>\n<meta property=\"og:site_name\" content=\"ST Ascensores\" \/>\n<meta property=\"article:modified_time\" content=\"2024-05-01T07:11:41+00:00\" \/>\n<meta name=\"twitter:card\" content=\"summary_large_image\" \/>\n<meta name=\"twitter:label1\" content=\"Tiempo estimado de lectura\" \/>\n\t<meta name=\"twitter:data1\" content=\"1 minuto\" \/>\n<script type=\"application\/ld+json\" class=\"yoast-schema-graph\">{\"@context\":\"https:\/\/schema.org\",\"@graph\":[{\"@type\":\"WebPage\",\"@id\":\"https:\/\/stascensores.com\/index.php\/politica-de-privacidad\/\",\"url\":\"https:\/\/stascensores.com\/index.php\/politica-de-privacidad\/\",\"name\":\"Pol\u00edtica de Privacidad - ST Ascensores\",\"isPartOf\":{\"@id\":\"https:\/\/stascensores.com\/#website\"},\"datePublished\":\"2024-05-01T06:14:39+00:00\",\"dateModified\":\"2024-05-01T07:11:41+00:00\",\"breadcrumb\":{\"@id\":\"https:\/\/stascensores.com\/index.php\/politica-de-privacidad\/#breadcrumb\"},\"inLanguage\":\"es-CL\",\"potentialAction\":[{\"@type\":\"ReadAction\",\"target\":[\"https:\/\/stascensores.com\/index.php\/politica-de-privacidad\/\"]}]},{\"@type\":\"BreadcrumbList\",\"@id\":\"https:\/\/stascensores.com\/index.php\/politica-de-privacidad\/#breadcrumb\",\"itemListElement\":[{\"@type\":\"ListItem\",\"position\":1,\"name\":\"Portada\",\"item\":\"https:\/\/stascensores.com\/\"},{\"@type\":\"ListItem\",\"position\":2,\"name\":\"Pol\u00edtica de Privacidad\"}]},{\"@type\":\"WebSite\",\"@id\":\"https:\/\/stascensores.com\/#website\",\"url\":\"https:\/\/stascensores.com\/\",\"name\":\"ST Ascensores\",\"description\":\"Servicio Tecnico en Ascensores Chile\",\"potentialAction\":[{\"@type\":\"SearchAction\",\"target\":{\"@type\":\"EntryPoint\",\"urlTemplate\":\"https:\/\/stascensores.com\/?s={search_term_string}\"},\"query-input\":{\"@type\":\"PropertyValueSpecification\",\"valueRequired\":true,\"valueName\":\"search_term_string\"}}],\"inLanguage\":\"es-CL\"}]}<\/script>\n<!-- \/ Yoast SEO plugin. -->","yoast_head_json":{"title":"Pol\u00edtica de Privacidad - ST Ascensores","robots":{"index":"index","follow":"follow","max-snippet":"max-snippet:-1","max-image-preview":"max-image-preview:large","max-video-preview":"max-video-preview:-1"},"canonical":"https:\/\/stascensores.com\/index.php\/politica-de-privacidad\/","og_locale":"es_ES","og_type":"article","og_title":"Pol\u00edtica de Privacidad - ST Ascensores","og_description":"[vc_row][vc_column][vc_column_text] Pol\u00edtica de Privacidad 1. Introducci\u00f3n En ST Ascensores, la privacidad de nuestros visitantes es de extrema importancia para nosotros. Esta pol\u00edtica de privacidad describe los tipos de informaci\u00f3n personal que recibimos y recopilamos cuando visita nuestro sitio web, as\u00ed como c\u00f3mo utilizamos esa informaci\u00f3n. 2. Recopilaci\u00f3n y uso de la informaci\u00f3n ST Ascensores recopila informaci\u00f3n personal de los usuarios del sitio web solo cuando la proporcionan voluntariamente, por ejemplo, cuando completan un formulario de contacto o solicitan informaci\u00f3n a trav\u00e9s de nuestro sitio web. [...]","og_url":"https:\/\/stascensores.com\/index.php\/politica-de-privacidad\/","og_site_name":"ST Ascensores","article_modified_time":"2024-05-01T07:11:41+00:00","twitter_card":"summary_large_image","twitter_misc":{"Tiempo estimado de lectura":"1 minuto"},"schema":{"@context":"https:\/\/schema.org","@graph":[{"@type":"WebPage","@id":"https:\/\/stascensores.com\/index.php\/politica-de-privacidad\/","url":"https:\/\/stascensores.com\/index.php\/politica-de-privacidad\/","name":"Pol\u00edtica de Privacidad - ST Ascensores","isPartOf":{"@id":"https:\/\/stascensores.com\/#website"},"datePublished":"2024-05-01T06:14:39+00:00","dateModified":"2024-05-01T07:11:41+00:00","breadcrumb":{"@id":"https:\/\/stascensores.com\/index.php\/politica-de-privacidad\/#breadcrumb"},"inLanguage":"es-CL","potentialAction":[{"@type":"ReadAction","target":["https:\/\/stascensores.com\/index.php\/politica-de-privacidad\/"]}]},{"@type":"BreadcrumbList","@id":"https:\/\/stascensores.com\/index.php\/politica-de-privacidad\/#breadcrumb","itemListElement":[{"@type":"ListItem","position":1,"name":"Portada","item":"https:\/\/stascensores.com\/"},{"@type":"ListItem","position":2,"name":"Pol\u00edtica de Privacidad"}]},{"@type":"WebSite","@id":"https:\/\/stascensores.com\/#website","url":"https:\/\/stascensores.com\/","name":"ST Ascensores","description":"Servicio Tecnico en Ascensores Chile","potentialAction":[{"@type":"SearchAction","target":{"@type":"EntryPoint","urlTemplate":"https:\/\/stascensores.com\/?s={search_term_string}"},"query-input":{"@type":"PropertyValueSpecification","valueRequired":true,"valueName":"search_term_string"}}],"inLanguage":"es-CL"}]}},"_links":{"self":[{"href":"https:\/\/stascensores.com\/index.php\/wp-json\/wp\/v2\/pages\/205","targetHints":{"allow":["GET"]}}],"collection":[{"href":"https:\/\/stascensores.com\/index.php\/wp-json\/wp\/v2\/pages"}],"about":[{"href":"https:\/\/stascensores.com\/index.php\/wp-json\/wp\/v2\/types\/page"}],"author":[{"embeddable":true,"href":"https:\/\/stascensores.com\/index.php\/wp-json\/wp\/v2\/users\/1"}],"replies":[{"embeddable":true,"href":"https:\/\/stascensores.com\/index.php\/wp-json\/wp\/v2\/comments?post=205"}],"version-history":[{"count":3,"href":"https:\/\/stascensores.com\/index.php\/wp-json\/wp\/v2\/pages\/205\/revisions"}],"predecessor-version":[{"id":217,"href":"https:\/\/stascensores.com\/index.php\/wp-json\/wp\/v2\/pages\/205\/revisions\/217"}],"wp:attachment":[{"href":"https:\/\/stascensores.com\/index.php\/wp-json\/wp\/v2\/media?parent=205"}],"curies":[{"name":"wp","href":"https:\/\/api.w.org\/{rel}","templated":true}]}}