{"id":33,"date":"2015-10-29T03:41:25","date_gmt":"2015-10-29T03:41:25","guid":{"rendered":"http:\/\/demo.themeton.com\/nrgbarbershop\/?page_id=4"},"modified":"2025-06-16T01:06:27","modified_gmt":"2025-06-16T01:06:27","slug":"ascensores","status":"publish","type":"page","link":"https:\/\/stascensores.com\/","title":{"rendered":"Inicio"},"content":{"rendered":"<p>[vc_row full_width=&#8221;stretch_row_content_no_spaces&#8221; one_page_section=&#8221;yes&#8221; one_page_label=&#8221;Inicio&#8221; one_page_slug=&#8221;Inicio&#8221; op_icon_type=&#8221;icon_image&#8221; one_page_image=&#8221;77&#8243; css=&#8221;.vc_custom_1523930264210{margin-bottom: 20px !important;padding-top: 240px !important;padding-bottom: 240px !important;padding-left: 160px !important;background-image: url(http:\/\/stascensores.com\/wp-content\/uploads\/2018\/04\/bg2.jpg?id=56) !important;background-position: center !important;background-repeat: no-repeat !important;background-size: cover !important;}&#8221;][vc_column][vc_column_text]<img loading=\"lazy\" decoding=\"async\" class=\"size-medium wp-image-51 aligncenter\" src=\"https:\/\/stascensores.com\/wp-content\/uploads\/2018\/04\/st2-300x278.png\" alt=\"\" width=\"300\" height=\"278\" srcset=\"https:\/\/stascensores.com\/wp-content\/uploads\/2018\/04\/st2-300x278.png 300w, https:\/\/stascensores.com\/wp-content\/uploads\/2018\/04\/st2.png 427w\" sizes=\"auto, (max-width: 300px) 100vw, 300px\" \/><\/p>\n<p style=\"text-align: center; color: #cea679; letter-spacing: 3px;\"><span style=\"color: #333333;\">DESDE\u00a0 2003<\/span><\/p>\n<p>[\/vc_column_text][\/vc_column][\/vc_row][vc_row full_height=&#8221;yes&#8221; equal_height=&#8221;yes&#8221; parallax=&#8221;content-moving&#8221; one_page_section=&#8221;yes&#8221; one_page_label=&#8221;NOSOTROS&#8221; one_page_slug=&#8221;nosotros&#8221; op_icon_type=&#8221;icon_image&#8221; one_page_image=&#8221;78&#8243;][vc_column width=&#8221;1\/2&#8243; vertical_align=&#8221;middle&#8221;][vc_row_inner css=&#8221;.vc_custom_1448266770411{margin-right: 0px !important;margin-bottom: 0px !important;margin-left: 0px !important;}&#8221;][vc_column_inner][vc_column_text css=&#8221;.vc_custom_1526777250399{padding-top: 20px !important;padding-right: 20px !important;padding-bottom: 20px !important;padding-left: 20px !important;}&#8221;]<img loading=\"lazy\" decoding=\"async\" class=\"alignnone size-full wp-image-59\" src=\"https:\/\/stascensores.com\/wp-content\/uploads\/2018\/04\/nosotros.jpg\" alt=\"\" width=\"744\" height=\"1025\" srcset=\"https:\/\/stascensores.com\/wp-content\/uploads\/2018\/04\/nosotros.jpg 744w, https:\/\/stascensores.com\/wp-content\/uploads\/2018\/04\/nosotros-218x300.jpg 218w, https:\/\/stascensores.com\/wp-content\/uploads\/2018\/04\/nosotros-743x1024.jpg 743w\" sizes=\"auto, (max-width: 744px) 100vw, 744px\" \/>[\/vc_column_text][\/vc_column_inner][\/vc_row_inner][\/vc_column][vc_column width=&#8221;1\/2&#8243;][vc_column_text]<\/p>\n<h5 class=\"block-title s-block-title\" style=\"text-align: left;\">SOMOS UNA EMPRESA RESPONSABLE<\/h5>\n<p><strong>ST Ascensores\u00a0es una empresa fundada en el 2003 en la ciudad de Antofagasta por su gerente Patricio Espinoza Roa que en su afan por entregar un servicio personalizado y con mejores estandares de seguridad comienza a trabajar de forma independiente.<\/strong><\/p>\n<p>Actualmente con varios proyectos exitosos ST Ascensores tiene proyecci\u00f3n a nivel nacional y sigue brindando mantenimiento, reparaci\u00f3n, atenci\u00f3n de emergencias, venta, modernizaci\u00f3n e instalacion de ascensores, siempre con la misma vision basada en el respeto hacia sus clientes.[\/vc_column_text][\/vc_column][\/vc_row][vc_row full_height=&#8221;yes&#8221; equal_height=&#8221;yes&#8221; parallax=&#8221;content-moving&#8221; one_page_section=&#8221;yes&#8221; one_page_label=&#8221;Compromiso&#8221; one_page_slug=&#8221;compromiso&#8221; op_icon_type=&#8221;icon_image&#8221; one_page_image=&#8221;79&#8243;][vc_column width=&#8221;1\/2&#8243; vertical_align=&#8221;middle&#8221;][vc_column_text el_class=&#8221;margin0x&#8221;]<\/p>\n<h5 class=\"block-title s-block-title\" style=\"text-align: left;\">NUESTRA\u00a0GARANT\u00cdA<\/h5>\n<p style=\"text-align: left;\">La calidad de <strong>ST Ascensores<\/strong> se basa en la seguridad y tambien la confianza que hemos demostrado en el tiempo avalada por a\u00f1os de experienciade y buen servicio.<\/p>\n<p style=\"text-align: left;\">Nuestro compromiso es ofrecer soluciones integrales en mantencion de ascensores, dise\u00f1ando soluciones de acuerdo a las necesidades de cada cliente e incorporando lo m\u00e1s avanzado en tecnolog\u00edas.<\/p>\n<p style=\"text-align: left;\">Nuestra expertise es brindar una experiencia calidad\/seguridad a nivel asesor-cliente, porque solo as\u00ed se logran exitosas implementaciones, en tiempo preciso y precios adecuados.<\/p>\n<p>Trabajamos con Sanei bajo la certificacion internacioal T\u00dcV *VDI 4707-1:2009 que garantiza eficiencia energetica en nuestros ascensores.<\/p>\n<p><img loading=\"lazy\" decoding=\"async\" class=\"wp-image-219 aligncenter\" src=\"https:\/\/stascensores.com\/wp-content\/uploads\/2024\/05\/sanei_tuv.jpg\" alt=\"\" width=\"379\" height=\"133\" srcset=\"https:\/\/stascensores.com\/wp-content\/uploads\/2024\/05\/sanei_tuv.jpg 840w, https:\/\/stascensores.com\/wp-content\/uploads\/2024\/05\/sanei_tuv-300x105.jpg 300w, https:\/\/stascensores.com\/wp-content\/uploads\/2024\/05\/sanei_tuv-768x270.jpg 768w\" sizes=\"auto, (max-width: 379px) 100vw, 379px\" \/><\/p>\n<p>[\/vc_column_text][\/vc_column][vc_column width=&#8221;1\/2&#8243; vertical_align=&#8221;middle&#8221;][vc_row_inner css=&#8221;.vc_custom_1448266770411{margin-right: 0px !important;margin-bottom: 0px !important;margin-left: 0px !important;}&#8221;][vc_column_inner][vc_column_text css=&#8221;.vc_custom_1526777243394{padding-top: 20px !important;padding-right: 20px !important;padding-bottom: 20px !important;padding-left: 20px !important;}&#8221;]<img loading=\"lazy\" decoding=\"async\" class=\"alignnone size-full wp-image-124\" src=\"https:\/\/stascensores.com\/wp-content\/uploads\/2018\/04\/garantia.png\" alt=\"\" width=\"744\" height=\"1025\" srcset=\"https:\/\/stascensores.com\/wp-content\/uploads\/2018\/04\/garantia.png 744w, https:\/\/stascensores.com\/wp-content\/uploads\/2018\/04\/garantia-218x300.png 218w, https:\/\/stascensores.com\/wp-content\/uploads\/2018\/04\/garantia-743x1024.png 743w\" sizes=\"auto, (max-width: 744px) 100vw, 744px\" \/>[\/vc_column_text][\/vc_column_inner][\/vc_row_inner][\/vc_column][\/vc_row][vc_row one_page_section=&#8221;yes&#8221; one_page_label=&#8221;Servicios&#8221; one_page_slug=&#8221;servicios&#8221; op_icon_type=&#8221;icon_image&#8221; one_page_image=&#8221;80&#8243;][vc_column][vc_column_text css=&#8221;.vc_custom_1691542734597{margin-top: 100px !important;margin-bottom: 0px !important;padding-bottom: 80px !important;}&#8221;]<\/p>\n<h2 style=\"letter-spacing: 10px; line-height: 1.3; text-align: center; margin-bottom: 23px; font-size: 40px;\">NUESTROS SERVICIOS<\/h2>\n<p style=\"text-align: left;\"><span style=\"color: #808080;\">El tratado de libre comercio con Asia, nos ha permitido obtener la representaci\u00f3n exclusiva de\u00a0<span class=\"meilun\">SHANGHAI SANEI ELEVATOR\u00a0CO. LTD.\u00a0<\/span>uno de los m\u00e1s grandes fabricantes de ascensores en China, y que a nivel mundial cuentan con una capacidad de producci\u00f3n que acorta los plazos de fabricaci\u00f3n y entrega en todos los pa\u00edses del mundo. La diferencia esta en contar con una representaci\u00f3n exclusiva que permita un servicio de post ventas, lo que asegura un stock de repuestos suficiente en nuestro pa\u00eds.<\/span><\/p>\n<p>[\/vc_column_text][vc_separator][vc_row_inner][vc_column_inner width=&#8221;1\/3&#8243;][tt_service_box icon=&#8221;fa fa-cog&#8221; title=&#8221;Mantenci\u00f3n&#8221; description=&#8221;Somos profesionales y trabajamos de acuerdo a todas las regulaciones requeridas por el MINVU.&#8221; imagesize=&#8221;38&#215;57&#8243;][\/vc_column_inner][vc_column_inner width=&#8221;1\/3&#8243;][tt_service_box icon=&#8221;fa fa-wrench&#8221; title=&#8221;Reparaci\u00f3n&#8221; description=&#8221;Si tienes problemas en tu ascensor nosotros de forma responsable y \u00e1gil lo repararemos.&#8221; imagesize=&#8221;48&#215;57&#8243;][\/vc_column_inner][vc_column_inner width=&#8221;1\/3&#8243;][tt_service_box icon=&#8221;fa fa-thumbs-o-up&#8221; title=&#8221;Modernizaci\u00f3n&#8221; description=&#8221;Implementamos nueva tecnolog\u00eda, sustituimos componentes para su seguridad.&#8221; imagesize=&#8221;39&#215;59&#8243;][\/vc_column_inner][\/vc_row_inner][vc_row_inner][vc_column_inner width=&#8221;1\/3&#8243;][tt_service_box icon=&#8221;fa fa-heart&#8221; title=&#8221;Emergencias 24 horas&#8221; description=&#8221;A trav\u00e9s de una linea telef\u00f3nica directa brindamos asistencia para todos nuestros servicios.&#8221;][\/vc_column_inner][vc_column_inner width=&#8221;1\/3&#8243;][tt_service_box icon=&#8221;fa fa-check-circle&#8221; title=&#8221;Ventas&#8221; description=&#8221;Ofrecemos m\u00faltiples opciones de ascensores, montacargas y escaleras mecanicas.&#8221; imagesize=&#8221;46&#215;57&#8243;][\/vc_column_inner][vc_column_inner width=&#8221;1\/3&#8243;][\/vc_column_inner][\/vc_row_inner][\/vc_column][\/vc_row][vc_row one_page_section=&#8221;yes&#8221; one_page_label=&#8221;Equipo&#8221; one_page_slug=&#8221;equipo&#8221; op_icon_type=&#8221;icon_image&#8221; one_page_image=&#8221;80&#8243;][vc_column][vc_column_text css=&#8221;.vc_custom_1714554109820{margin-top: 100px !important;margin-bottom: 0px !important;padding-bottom: 80px !important;}&#8221;]<\/p>\n<h2 style=\"letter-spacing: 10px; line-height: 1.3; text-align: center; margin-bottom: 23px; font-size: 40px;\">EQUIPO<\/h2>\n<p style=\"text-align: left;\"><span style=\"color: #808080;\">Contamos con un equipo comprometido y capacitado para ofrecerte el mejor servicio en el \u00e1rea de elevadores. Gracias al tratado de libre comercio con Asia, hemos obtenido la representaci\u00f3n exclusiva de SHANGHAI SANEI ELEVATOR CO. LTD., uno de los mayores fabricantes de ascensores en China. Esto nos permite ofrecerte un servicio excepcional, con plazos de fabricaci\u00f3n y entrega reducidos en todo el mundo. Nuestra representaci\u00f3n exclusiva garantiza un servicio de postventa de calidad, con un amplio stock de repuestos disponible en nuestro pa\u00eds. Conf\u00eda en nuestro equipo para tus necesidades de elevaci\u00f3n, \u00a1estamos aqu\u00ed para servirte!<\/span><\/p>\n<p>[\/vc_column_text][vc_row_inner][vc_column_inner width=&#8221;1\/3&#8243;][vc_column_text]<\/p>\n<p style=\"text-align: center;\"><img loading=\"lazy\" decoding=\"async\" class=\"size-full wp-image-165 aligncenter\" src=\"https:\/\/stascensores.com\/wp-content\/uploads\/2018\/04\/patricio_brasil.png\" alt=\"\" width=\"500\" height=\"228\" srcset=\"https:\/\/stascensores.com\/wp-content\/uploads\/2018\/04\/patricio_brasil.png 500w, https:\/\/stascensores.com\/wp-content\/uploads\/2018\/04\/patricio_brasil-300x137.png 300w\" sizes=\"auto, (max-width: 500px) 100vw, 500px\" \/><\/p>\n<p>[\/vc_column_text][\/vc_column_inner][vc_column_inner width=&#8221;1\/3&#8243;][vc_column_text]<\/p>\n<p style=\"text-align: center;\"><img loading=\"lazy\" decoding=\"async\" class=\"size-full wp-image-167 aligncenter\" src=\"https:\/\/stascensores.com\/wp-content\/uploads\/2018\/04\/aprendiendo.png\" alt=\"\" width=\"500\" height=\"228\" srcset=\"https:\/\/stascensores.com\/wp-content\/uploads\/2018\/04\/aprendiendo.png 500w, https:\/\/stascensores.com\/wp-content\/uploads\/2018\/04\/aprendiendo-300x137.png 300w\" sizes=\"auto, (max-width: 500px) 100vw, 500px\" \/><\/p>\n<p>[\/vc_column_text][\/vc_column_inner][vc_column_inner width=&#8221;1\/3&#8243;][vc_column_text]<\/p>\n<p style=\"text-align: center;\"><img loading=\"lazy\" decoding=\"async\" class=\"size-full wp-image-168 aligncenter\" src=\"https:\/\/stascensores.com\/wp-content\/uploads\/2018\/04\/altura.png\" alt=\"\" width=\"500\" height=\"228\" srcset=\"https:\/\/stascensores.com\/wp-content\/uploads\/2018\/04\/altura.png 500w, https:\/\/stascensores.com\/wp-content\/uploads\/2018\/04\/altura-300x137.png 300w\" sizes=\"auto, (max-width: 500px) 100vw, 500px\" \/><\/p>\n<p>[\/vc_column_text][\/vc_column_inner][\/vc_row_inner][vc_column_text css=&#8221;.vc_custom_1714546917652{margin-top: 100px !important;margin-bottom: 100px !important;}&#8221;]<\/p>\n<h5 style=\"text-align: center;\">&#8220;LA RESPONSABILIDAD ES LA CLAVE DE ENTREGAR UN BUEN SERVICIO&#8221;<\/h5>\n<p style=\"text-align: center;\"><span style=\"color: #808080;\">Patricio Espinoza &#8211; Gerente<\/span><\/p>\n<p>[\/vc_column_text][vc_separator][\/vc_column][\/vc_row][vc_row full_height=&#8221;yes&#8221; equal_height=&#8221;yes&#8221; one_page_section=&#8221;yes&#8221; one_page_label=&#8221;Contacto&#8221; one_page_slug=&#8221;contacto&#8221; op_icon_type=&#8221;icon_image&#8221; one_page_image=&#8221;82&#8243; css=&#8221;.vc_custom_1691543206733{margin-bottom: 0px !important;padding-top: 140px !important;}&#8221;][vc_column][vc_column_text]<\/p>\n<h5 style=\"letter-spacing: 10px; line-height: 1.3; text-align: center; margin-bottom: 23px; font-size: 40px;\">CONT\u00c1CTANOS<\/h5>\n<p>[\/vc_column_text][vc_row_inner equal_height=&#8221;yes&#8221; content_placement=&#8221;top&#8221;][vc_column_inner width=&#8221;1\/2&#8243;][vc_column_text css_animation=&#8221;left-to-right&#8221;]Puedes escribirnos en este formulario o a nuestros telefonos que aparecen a continuaci\u00f3n.<\/p>\n<div class=\"wpcf7 no-js\" id=\"wpcf7-f4-o1\" lang=\"en-AU\" dir=\"ltr\" data-wpcf7-id=\"4\">\n<div class=\"screen-reader-response\"><p role=\"status\" aria-live=\"polite\" aria-atomic=\"true\"><\/p> <ul><\/ul><\/div>\n<form action=\"\/index.php\/wp-json\/wp\/v2\/pages\/33#wpcf7-f4-o1\" method=\"post\" class=\"wpcf7-form init\" aria-label=\"Contact form\" novalidate=\"novalidate\" data-status=\"init\">\n<fieldset class=\"hidden-fields-container\"><input type=\"hidden\" name=\"_wpcf7\" value=\"4\" \/><input type=\"hidden\" name=\"_wpcf7_version\" value=\"6.1.5\" \/><input type=\"hidden\" name=\"_wpcf7_locale\" value=\"en_AU\" \/><input type=\"hidden\" name=\"_wpcf7_unit_tag\" value=\"wpcf7-f4-o1\" \/><input type=\"hidden\" name=\"_wpcf7_container_post\" value=\"0\" \/><input type=\"hidden\" name=\"_wpcf7_posted_data_hash\" value=\"\" \/><input type=\"hidden\" name=\"_wpcf7_recaptcha_response\" value=\"\" \/>\n<\/fieldset>\n<p><label><br \/>\n<span class=\"wpcf7-form-control-wrap\" data-name=\"your-name\"><input size=\"40\" maxlength=\"400\" class=\"wpcf7-form-control wpcf7-text wpcf7-validates-as-required\" aria-required=\"true\" aria-invalid=\"false\" value=\"Nombre\" type=\"text\" name=\"your-name\" \/><\/span> <\/label>\n<\/p>\n<p><label><br \/>\n<span class=\"wpcf7-form-control-wrap\" data-name=\"your-email\"><input size=\"40\" maxlength=\"400\" class=\"wpcf7-form-control wpcf7-email wpcf7-validates-as-required wpcf7-text wpcf7-validates-as-email\" aria-required=\"true\" aria-invalid=\"false\" value=\"Correo\" type=\"email\" name=\"your-email\" \/><\/span> <\/label>\n<\/p>\n<p><label><br \/>\n<span class=\"wpcf7-form-control-wrap\" data-name=\"tel-546\"><input size=\"40\" maxlength=\"400\" class=\"wpcf7-form-control wpcf7-tel wpcf7-validates-as-required wpcf7-text wpcf7-validates-as-tel\" aria-required=\"true\" aria-invalid=\"false\" value=\"Tel\u00e9fono\" type=\"tel\" name=\"tel-546\" \/><\/span> <\/label>\n<\/p>\n<p><label><br \/>\n<span class=\"wpcf7-form-control-wrap\" data-name=\"your-message\"><textarea cols=\"40\" rows=\"10\" maxlength=\"2000\" class=\"wpcf7-form-control wpcf7-textarea wpcf7-validates-as-required\" aria-required=\"true\" aria-invalid=\"false\" name=\"your-message\">Mensaje<\/textarea><\/span> <\/label>\n<\/p>\n<p><span class=\"wpcf7-form-control-wrap\" data-name=\"acceptance-207\"><span class=\"wpcf7-form-control wpcf7-acceptance\"><span class=\"wpcf7-list-item\"><label><input type=\"checkbox\" name=\"acceptance-207\" value=\"1\" aria-invalid=\"false\" \/><span class=\"wpcf7-list-item-label\">Acepto la <a href=\"https:\/\/stascensores.com\/index.php\/politica-de-privacidad\/\" rel=\"nofollow\" target=\"_blank\">pol\u00edtica de privacidad<\/a><\/span><\/label><\/span><\/span><\/span>\n<\/p>\n<p><input class=\"wpcf7-form-control wpcf7-submit has-spinner\" type=\"submit\" value=\"Enviar\" \/>\n<\/p><p style=\"display: none !important;\" class=\"akismet-fields-container\" data-prefix=\"_wpcf7_ak_\"><label>&#916;<textarea name=\"_wpcf7_ak_hp_textarea\" cols=\"45\" rows=\"8\" maxlength=\"100\"><\/textarea><\/label><input type=\"hidden\" id=\"ak_js_1\" name=\"_wpcf7_ak_js\" value=\"248\"\/><script>document.getElementById( \"ak_js_1\" ).setAttribute( \"value\", ( new Date() ).getTime() );<\/script><\/p><div class=\"wpcf7-response-output\" aria-hidden=\"true\"><\/div>\n<\/form>\n<\/div>\n[\/vc_column_text][\/vc_column_inner][vc_column_inner width=&#8221;1\/2&#8243;][vc_column_text]<\/p>\n<h5 style=\"font-size: 13px; margin-bottom: 25px; margin-top: 50px; color: #333;\">TELEFONOS<\/h5>\n<p>+(56) 972131943 Contacto administrativo<\/p>\n<p>+(56) 996829389 Contacto Emergencias 1<\/p>\n<p>+(56) 978090333 Contacto Emergencias 2<\/p>\n<hr \/>\n<h5 style=\"font-size: 13px; margin-bottom: 25px; margin-top: 50px; color: #333;\">EMAIL<\/h5>\n<p>consultas@stascensores.com[\/vc_column_text][\/vc_column_inner][\/vc_row_inner][vc_separator][\/vc_column][\/vc_row]<\/p>\n","protected":false},"excerpt":{"rendered":"<p>[vc_row full_width=&#8221;stretch_row_content_no_spaces&#8221; one_page_section=&#8221;yes&#8221; one_page_label=&#8221;Inicio&#8221; one_page_slug=&#8221;Inicio&#8221; op_icon_type=&#8221;icon_image&#8221; one_page_image=&#8221;77&#8243; css=&#8221;.vc_custom_1523930264210{margin-bottom: 20px !important;padding-top: 240px !important;padding-bottom: 240px !important;padding-left: 160px !important;background-image: url(http:\/\/stascensores.com\/wp-content\/uploads\/2018\/04\/bg2.jpg?id=56) !important;background-position: center !important;background-repeat: no-repeat !important;background-size: cover !important;}&#8221;][vc_column][vc_column_text]<\/p>\n<p style=\"text-align: center; color: #cea679; letter-spacing: 3px;\">DESDE\u00a0 2003<\/p>\n<p>[\/vc_column_text][\/vc_column][\/vc_row][vc_row full_height=&#8221;yes&#8221; equal_height=&#8221;yes&#8221; parallax=&#8221;content-moving&#8221; one_page_section=&#8221;yes&#8221; one_page_label=&#8221;NOSOTROS&#8221; one_page_slug=&#8221;nosotros&#8221; op_icon_type=&#8221;icon_image&#8221; one_page_image=&#8221;78&#8243;][vc_column width=&#8221;1\/2&#8243; vertical_align=&#8221;middle&#8221;][vc_row_inner css=&#8221;.vc_custom_1448266770411{margin-right: 0px !important;margin-bottom: 0px !important;margin-left: 0px !important;}&#8221;][vc_column_inner][vc_column_text css=&#8221;.vc_custom_1526777250399{padding-top: 20px !important;padding-right: 20px !important;padding-bottom: 20px !important;padding-left: 20px !important;}&#8221;][\/vc_column_text][\/vc_column_inner][\/vc_row_inner][\/vc_column][vc_column width=&#8221;1\/2&#8243;][vc_column_text]<\/p>\n<p>SOMOS UNA EMPRESA RESPONSABLE<\/p>\n<p>ST Ascensores\u00a0es una empresa fundada en el 2003 en la ciudad de Antofagasta por su gerente Patricio Espinoza Roa que [&#8230;]<\/p>\n","protected":false},"author":1,"featured_media":64,"parent":0,"menu_order":0,"comment_status":"closed","ping_status":"closed","template":"","meta":{"footnotes":""},"class_list":["post-33","page","type-page","status-publish","has-post-thumbnail","hentry"],"yoast_head":"<!-- This site is optimized with the Yoast SEO plugin v25.3 - https:\/\/yoast.com\/wordpress\/plugins\/seo\/ -->\n<title>Servicio Tecnico en Ascensores Chile<\/title>\n<meta name=\"description\" content=\"ST Ascensores entrega un servicio de calidad brindando mantenimiento, reparaci\u00f3n, emergencias, modernizaci\u00f3n e instalaci\u00f3n de ascensores.\" \/>\n<meta name=\"robots\" content=\"index, follow, max-snippet:-1, max-image-preview:large, max-video-preview:-1\" \/>\n<link rel=\"canonical\" href=\"https:\/\/stascensores.com\/\" \/>\n<meta property=\"og:locale\" content=\"es_ES\" \/>\n<meta property=\"og:type\" content=\"article\" \/>\n<meta property=\"og:title\" content=\"Servicio Tecnico en Ascensores Chile\" \/>\n<meta property=\"og:description\" content=\"ST Ascensores entrega un servicio de calidad brindando mantenimiento, reparaci\u00f3n, emergencias, modernizaci\u00f3n e instalaci\u00f3n de ascensores.\" \/>\n<meta property=\"og:url\" content=\"https:\/\/stascensores.com\/\" \/>\n<meta property=\"og:site_name\" content=\"ST Ascensores\" \/>\n<meta property=\"article:modified_time\" content=\"2025-06-16T01:06:27+00:00\" \/>\n<meta property=\"og:image\" content=\"https:\/\/stascensores.com\/wp-content\/uploads\/2018\/04\/wall_.jpg\" \/>\n\t<meta property=\"og:image:width\" content=\"1968\" \/>\n\t<meta property=\"og:image:height\" content=\"1474\" \/>\n\t<meta property=\"og:image:type\" content=\"image\/jpeg\" \/>\n<meta name=\"twitter:card\" content=\"summary_large_image\" \/>\n<meta name=\"twitter:label1\" content=\"Tiempo estimado de lectura\" \/>\n\t<meta name=\"twitter:data1\" content=\"5 minutos\" \/>\n<script type=\"application\/ld+json\" class=\"yoast-schema-graph\">{\"@context\":\"https:\/\/schema.org\",\"@graph\":[{\"@type\":\"WebPage\",\"@id\":\"https:\/\/stascensores.com\/\",\"url\":\"https:\/\/stascensores.com\/\",\"name\":\"Servicio Tecnico en Ascensores Chile\",\"isPartOf\":{\"@id\":\"https:\/\/stascensores.com\/#website\"},\"primaryImageOfPage\":{\"@id\":\"https:\/\/stascensores.com\/#primaryimage\"},\"image\":{\"@id\":\"https:\/\/stascensores.com\/#primaryimage\"},\"thumbnailUrl\":\"https:\/\/stascensores.com\/wp-content\/uploads\/2018\/04\/wall_.jpg\",\"datePublished\":\"2015-10-29T03:41:25+00:00\",\"dateModified\":\"2025-06-16T01:06:27+00:00\",\"description\":\"ST Ascensores entrega un servicio de calidad brindando mantenimiento, reparaci\u00f3n, emergencias, modernizaci\u00f3n e instalaci\u00f3n de ascensores.\",\"breadcrumb\":{\"@id\":\"https:\/\/stascensores.com\/#breadcrumb\"},\"inLanguage\":\"es-CL\",\"potentialAction\":[{\"@type\":\"ReadAction\",\"target\":[\"https:\/\/stascensores.com\/\"]}]},{\"@type\":\"ImageObject\",\"inLanguage\":\"es-CL\",\"@id\":\"https:\/\/stascensores.com\/#primaryimage\",\"url\":\"https:\/\/stascensores.com\/wp-content\/uploads\/2018\/04\/wall_.jpg\",\"contentUrl\":\"https:\/\/stascensores.com\/wp-content\/uploads\/2018\/04\/wall_.jpg\",\"width\":1968,\"height\":1474},{\"@type\":\"BreadcrumbList\",\"@id\":\"https:\/\/stascensores.com\/#breadcrumb\",\"itemListElement\":[{\"@type\":\"ListItem\",\"position\":1,\"name\":\"Portada\",\"item\":\"https:\/\/stascensores.com\/\"},{\"@type\":\"ListItem\",\"position\":2,\"name\":\"Inicio\"}]},{\"@type\":\"WebSite\",\"@id\":\"https:\/\/stascensores.com\/#website\",\"url\":\"https:\/\/stascensores.com\/\",\"name\":\"ST Ascensores\",\"description\":\"Servicio Tecnico en Ascensores Chile\",\"potentialAction\":[{\"@type\":\"SearchAction\",\"target\":{\"@type\":\"EntryPoint\",\"urlTemplate\":\"https:\/\/stascensores.com\/?s={search_term_string}\"},\"query-input\":{\"@type\":\"PropertyValueSpecification\",\"valueRequired\":true,\"valueName\":\"search_term_string\"}}],\"inLanguage\":\"es-CL\"}]}<\/script>\n<!-- \/ Yoast SEO plugin. -->","yoast_head_json":{"title":"Servicio Tecnico en Ascensores Chile","description":"ST Ascensores entrega un servicio de calidad brindando mantenimiento, reparaci\u00f3n, emergencias, modernizaci\u00f3n e instalaci\u00f3n de ascensores.","robots":{"index":"index","follow":"follow","max-snippet":"max-snippet:-1","max-image-preview":"max-image-preview:large","max-video-preview":"max-video-preview:-1"},"canonical":"https:\/\/stascensores.com\/","og_locale":"es_ES","og_type":"article","og_title":"Servicio Tecnico en Ascensores Chile","og_description":"ST Ascensores entrega un servicio de calidad brindando mantenimiento, reparaci\u00f3n, emergencias, modernizaci\u00f3n e instalaci\u00f3n de ascensores.","og_url":"https:\/\/stascensores.com\/","og_site_name":"ST Ascensores","article_modified_time":"2025-06-16T01:06:27+00:00","og_image":[{"width":1968,"height":1474,"url":"https:\/\/stascensores.com\/wp-content\/uploads\/2018\/04\/wall_.jpg","type":"image\/jpeg"}],"twitter_card":"summary_large_image","twitter_misc":{"Tiempo estimado de lectura":"5 minutos"},"schema":{"@context":"https:\/\/schema.org","@graph":[{"@type":"WebPage","@id":"https:\/\/stascensores.com\/","url":"https:\/\/stascensores.com\/","name":"Servicio Tecnico en Ascensores Chile","isPartOf":{"@id":"https:\/\/stascensores.com\/#website"},"primaryImageOfPage":{"@id":"https:\/\/stascensores.com\/#primaryimage"},"image":{"@id":"https:\/\/stascensores.com\/#primaryimage"},"thumbnailUrl":"https:\/\/stascensores.com\/wp-content\/uploads\/2018\/04\/wall_.jpg","datePublished":"2015-10-29T03:41:25+00:00","dateModified":"2025-06-16T01:06:27+00:00","description":"ST Ascensores entrega un servicio de calidad brindando mantenimiento, reparaci\u00f3n, emergencias, modernizaci\u00f3n e instalaci\u00f3n de ascensores.","breadcrumb":{"@id":"https:\/\/stascensores.com\/#breadcrumb"},"inLanguage":"es-CL","potentialAction":[{"@type":"ReadAction","target":["https:\/\/stascensores.com\/"]}]},{"@type":"ImageObject","inLanguage":"es-CL","@id":"https:\/\/stascensores.com\/#primaryimage","url":"https:\/\/stascensores.com\/wp-content\/uploads\/2018\/04\/wall_.jpg","contentUrl":"https:\/\/stascensores.com\/wp-content\/uploads\/2018\/04\/wall_.jpg","width":1968,"height":1474},{"@type":"BreadcrumbList","@id":"https:\/\/stascensores.com\/#breadcrumb","itemListElement":[{"@type":"ListItem","position":1,"name":"Portada","item":"https:\/\/stascensores.com\/"},{"@type":"ListItem","position":2,"name":"Inicio"}]},{"@type":"WebSite","@id":"https:\/\/stascensores.com\/#website","url":"https:\/\/stascensores.com\/","name":"ST Ascensores","description":"Servicio Tecnico en Ascensores Chile","potentialAction":[{"@type":"SearchAction","target":{"@type":"EntryPoint","urlTemplate":"https:\/\/stascensores.com\/?s={search_term_string}"},"query-input":{"@type":"PropertyValueSpecification","valueRequired":true,"valueName":"search_term_string"}}],"inLanguage":"es-CL"}]}},"_links":{"self":[{"href":"https:\/\/stascensores.com\/index.php\/wp-json\/wp\/v2\/pages\/33","targetHints":{"allow":["GET"]}}],"collection":[{"href":"https:\/\/stascensores.com\/index.php\/wp-json\/wp\/v2\/pages"}],"about":[{"href":"https:\/\/stascensores.com\/index.php\/wp-json\/wp\/v2\/types\/page"}],"author":[{"embeddable":true,"href":"https:\/\/stascensores.com\/index.php\/wp-json\/wp\/v2\/users\/1"}],"replies":[{"embeddable":true,"href":"https:\/\/stascensores.com\/index.php\/wp-json\/wp\/v2\/comments?post=33"}],"version-history":[{"count":118,"href":"https:\/\/stascensores.com\/index.php\/wp-json\/wp\/v2\/pages\/33\/revisions"}],"predecessor-version":[{"id":230,"href":"https:\/\/stascensores.com\/index.php\/wp-json\/wp\/v2\/pages\/33\/revisions\/230"}],"wp:featuredmedia":[{"embeddable":true,"href":"https:\/\/stascensores.com\/index.php\/wp-json\/wp\/v2\/media\/64"}],"wp:attachment":[{"href":"https:\/\/stascensores.com\/index.php\/wp-json\/wp\/v2\/media?parent=33"}],"curies":[{"name":"wp","href":"https:\/\/api.w.org\/{rel}","templated":true}]}}